{"id":218,"date":"2024-09-11T11:46:15","date_gmt":"2024-09-11T09:46:15","guid":{"rendered":"https:\/\/www.educateur-canin-nf.fr\/?page_id=218"},"modified":"2025-05-02T18:10:24","modified_gmt":"2025-05-02T16:10:24","slug":"a-propos","status":"publish","type":"page","link":"https:\/\/www.educateur-canin-nf.fr\/index.php\/a-propos\/","title":{"rendered":"A propos"},"content":{"rendered":"\t\t<div data-elementor-type=\"wp-page\" data-elementor-id=\"218\" class=\"elementor elementor-218\">\n\t\t\t\t<div class=\"elementor-element elementor-element-f5c1d91 e-flex e-con-boxed e-con e-parent\" data-id=\"f5c1d91\" data-element_type=\"container\" data-settings=\"{&quot;background_background&quot;:&quot;classic&quot;}\">\n\t\t\t\t\t<div class=\"e-con-inner\">\n\t\t\t\t<div class=\"elementor-element elementor-element-73c4dc1 elementor-widget elementor-widget-heading\" data-id=\"73c4dc1\" data-element_type=\"widget\" data-widget_type=\"heading.default\">\n\t\t\t\t<div class=\"elementor-widget-container\">\n\t\t\t\t\t<h1 class=\"elementor-heading-title elementor-size-default\">Nicolas Falabella<\/h1>\t\t\t\t<\/div>\n\t\t\t\t<\/div>\n\t\t\t\t\t<\/div>\n\t\t\t\t<\/div>\n\t\t<div class=\"elementor-element elementor-element-d050122 e-grid e-con-boxed e-con e-parent\" data-id=\"d050122\" data-element_type=\"container\">\n\t\t\t\t\t<div class=\"e-con-inner\">\n\t\t\t\t<div class=\"elementor-element elementor-element-7637590 elementor-widget elementor-widget-image\" data-id=\"7637590\" data-element_type=\"widget\" data-widget_type=\"image.default\">\n\t\t\t\t<div class=\"elementor-widget-container\">\n\t\t\t\t\t\t\t\t\t\t\t\t\t\t\t<img fetchpriority=\"high\" decoding=\"async\" width=\"525\" height=\"702\" src=\"https:\/\/www.educateur-canin-nf.fr\/wp-content\/uploads\/2024\/09\/1000005775-766x1024.jpg\" class=\"attachment-large size-large wp-image-141\" alt=\"\" srcset=\"https:\/\/www.educateur-canin-nf.fr\/wp-content\/uploads\/2024\/09\/1000005775-766x1024.jpg 766w, https:\/\/www.educateur-canin-nf.fr\/wp-content\/uploads\/2024\/09\/1000005775-224x300.jpg 224w, https:\/\/www.educateur-canin-nf.fr\/wp-content\/uploads\/2024\/09\/1000005775-768x1026.jpg 768w, https:\/\/www.educateur-canin-nf.fr\/wp-content\/uploads\/2024\/09\/1000005775-1149x1536.jpg 1149w, https:\/\/www.educateur-canin-nf.fr\/wp-content\/uploads\/2024\/09\/1000005775-1532x2048.jpg 1532w, https:\/\/www.educateur-canin-nf.fr\/wp-content\/uploads\/2024\/09\/1000005775-scaled.jpg 1916w\" sizes=\"(max-width: 525px) 100vw, 525px\" \/>\t\t\t\t\t\t\t\t\t\t\t\t\t\t\t<\/div>\n\t\t\t\t<\/div>\n\t\t\t\t<div class=\"elementor-element elementor-element-d946797 elementor-widget elementor-widget-text-editor\" data-id=\"d946797\" data-element_type=\"widget\" data-widget_type=\"text-editor.default\">\n\t\t\t\t<div class=\"elementor-widget-container\">\n\t\t\t\t\t\t\t\t\t<p>Je suis Nicolas Falabella, 40 ans et passionn\u00e9 de chiens depuis toujours.\u00a0<\/p><p>Apr\u00e8s de nombreuses ann\u00e9es avec de bons chiens de famille pour lesquels je recevais toujours d&rsquo;agr\u00e9ables compliments pour leur bonne \u00e9ducation, j&rsquo;ai d\u00e9cid\u00e9 de faire de ma passion un m\u00e9tier.\u00a0<\/p><p>Pour r\u00e9aliser cet objectif passion, je me suis form\u00e9 avec des professionnels install\u00e9s et reconnus mais j&rsquo;ai \u00e9galement pass\u00e9 le brevet professionnel \u00e9ducateur canin (le seul dipl\u00f4me reconnu \u00e0 ce jour en France !). Cette ann\u00e9e scolaire intensive et sans repos de plus de 570 heures a \u00e9t\u00e9 entrecoup\u00e9e de stages avec des \u00e9ducateurs canins mais aussi en refuge et en \u00e9levage pour un volume de plus de 430 heures.<\/p><p>Educateur canin et comportementaliste, je ne me r\u00e9clame d&rsquo;aucune m\u00e9thode en particulier car je m&rsquo;adapte \u00e0 chaque chien et \u00e0 sa ma\u00eetresse et ou son ma\u00eetre.\u00a0<\/p><p>Je ne suis ferm\u00e9 \u00e0 aucun outil tant que son usage est le bon et qu&rsquo;il respecte le chien. Je me tiens \u00e0 jour de mes connaissances en mati\u00e8re cynophile et suis tr\u00e8s attentif \u00e0 chaque changement de l\u00e9gislation.\u00a0<\/p><p>Mon but est de rendre les ma\u00eetres autonomes le plus rapidement possible. Ma meilleure publicit\u00e9 sera le fait que mes anciens clients vantent la qualit\u00e9 de mon travail en un temps le plus court possible.\u00a0<\/p>\t\t\t\t\t\t\t\t<\/div>\n\t\t\t\t<\/div>\n\t\t\t\t\t<\/div>\n\t\t\t\t<\/div>\n\t\t\t\t<\/div>\n\t\t","protected":false},"excerpt":{"rendered":"<p>Nicolas Falabella Je suis Nicolas Falabella, 40 ans et passionn\u00e9 de chiens depuis toujours.\u00a0 Apr\u00e8s de nombreuses ann\u00e9es avec de bons chiens de famille pour lesquels je recevais toujours d&rsquo;agr\u00e9ables compliments pour leur bonne \u00e9ducation, j&rsquo;ai d\u00e9cid\u00e9 de faire de ma passion un m\u00e9tier.\u00a0 Pour r\u00e9aliser cet objectif passion, je me suis form\u00e9 avec des [&hellip;]<\/p>\n","protected":false},"author":1,"featured_media":0,"parent":0,"menu_order":0,"comment_status":"closed","ping_status":"closed","template":"","meta":{"_monsterinsights_skip_tracking":false,"_monsterinsights_sitenote_active":false,"_monsterinsights_sitenote_note":"","_monsterinsights_sitenote_category":0,"footnotes":""},"class_list":["post-218","page","type-page","status-publish","hentry"],"yoast_head":"<!-- This site is optimized with the Yoast SEO plugin v24.6 - https:\/\/yoast.com\/wordpress\/plugins\/seo\/ -->\n<title>A propos - Nicolas Falabella<\/title>\n<meta name=\"description\" content=\"Nicolas Falabella est un \u00e9ducateur canin passionn\u00e9 et dipl\u00f4m\u00e9, ayant suivi une formation compl\u00e8te en comportementalisme. Il adopte une approche personnalis\u00e9e pour chaque chien et ma\u00eetre, sans s&#039;attacher \u00e0 une m\u00e9thode sp\u00e9cifique. Il vise \u00e0 rendre les ma\u00eetres autonomes rapidement, en respectant le bien-\u00eatre du chien et en utilisant des outils adapt\u00e9s.\" \/>\n<meta name=\"robots\" content=\"index, follow, max-snippet:-1, max-image-preview:large, max-video-preview:-1\" \/>\n<link rel=\"canonical\" href=\"https:\/\/www.educateur-canin-nf.fr\/index.php\/a-propos\/\" \/>\n<meta property=\"og:locale\" content=\"fr_FR\" \/>\n<meta property=\"og:type\" content=\"article\" \/>\n<meta property=\"og:title\" content=\"A propos - Nicolas Falabella\" \/>\n<meta property=\"og:description\" content=\"Nicolas Falabella est un \u00e9ducateur canin passionn\u00e9 et dipl\u00f4m\u00e9, ayant suivi une formation compl\u00e8te en comportementalisme. Il adopte une approche personnalis\u00e9e pour chaque chien et ma\u00eetre, sans s&#039;attacher \u00e0 une m\u00e9thode sp\u00e9cifique. Il vise \u00e0 rendre les ma\u00eetres autonomes rapidement, en respectant le bien-\u00eatre du chien et en utilisant des outils adapt\u00e9s.\" \/>\n<meta property=\"og:url\" content=\"https:\/\/www.educateur-canin-nf.fr\/index.php\/a-propos\/\" \/>\n<meta property=\"og:site_name\" content=\"Nicolas Falabella\" \/>\n<meta property=\"article:modified_time\" content=\"2025-05-02T16:10:24+00:00\" \/>\n<meta property=\"og:image\" content=\"https:\/\/www.educateur-canin-nf.fr\/wp-content\/uploads\/2024\/09\/1000005775-scaled.jpg\" \/>\n\t<meta property=\"og:image:width\" content=\"1916\" \/>\n\t<meta property=\"og:image:height\" content=\"2560\" \/>\n\t<meta property=\"og:image:type\" content=\"image\/jpeg\" \/>\n<meta name=\"twitter:card\" content=\"summary_large_image\" \/>\n<meta name=\"twitter:label1\" content=\"Dur\u00e9e de lecture estim\u00e9e\" \/>\n\t<meta name=\"twitter:data1\" content=\"2 minutes\" \/>\n<script type=\"application\/ld+json\" class=\"yoast-schema-graph\">{\"@context\":\"https:\/\/schema.org\",\"@graph\":[{\"@type\":\"WebPage\",\"@id\":\"https:\/\/www.educateur-canin-nf.fr\/index.php\/a-propos\/\",\"url\":\"https:\/\/www.educateur-canin-nf.fr\/index.php\/a-propos\/\",\"name\":\"A propos - Nicolas Falabella\",\"isPartOf\":{\"@id\":\"https:\/\/www.educateur-canin-nf.fr\/#website\"},\"primaryImageOfPage\":{\"@id\":\"https:\/\/www.educateur-canin-nf.fr\/index.php\/a-propos\/#primaryimage\"},\"image\":{\"@id\":\"https:\/\/www.educateur-canin-nf.fr\/index.php\/a-propos\/#primaryimage\"},\"thumbnailUrl\":\"https:\/\/www.educateur-canin-nf.fr\/wp-content\/uploads\/2024\/09\/1000005775-766x1024.jpg\",\"datePublished\":\"2024-09-11T09:46:15+00:00\",\"dateModified\":\"2025-05-02T16:10:24+00:00\",\"description\":\"Nicolas Falabella est un \u00e9ducateur canin passionn\u00e9 et dipl\u00f4m\u00e9, ayant suivi une formation compl\u00e8te en comportementalisme. Il adopte une approche personnalis\u00e9e pour chaque chien et ma\u00eetre, sans s'attacher \u00e0 une m\u00e9thode sp\u00e9cifique. Il vise \u00e0 rendre les ma\u00eetres autonomes rapidement, en respectant le bien-\u00eatre du chien et en utilisant des outils adapt\u00e9s.\",\"breadcrumb\":{\"@id\":\"https:\/\/www.educateur-canin-nf.fr\/index.php\/a-propos\/#breadcrumb\"},\"inLanguage\":\"fr-FR\",\"potentialAction\":[{\"@type\":\"ReadAction\",\"target\":[\"https:\/\/www.educateur-canin-nf.fr\/index.php\/a-propos\/\"]}]},{\"@type\":\"ImageObject\",\"inLanguage\":\"fr-FR\",\"@id\":\"https:\/\/www.educateur-canin-nf.fr\/index.php\/a-propos\/#primaryimage\",\"url\":\"https:\/\/www.educateur-canin-nf.fr\/wp-content\/uploads\/2024\/09\/1000005775-scaled.jpg\",\"contentUrl\":\"https:\/\/www.educateur-canin-nf.fr\/wp-content\/uploads\/2024\/09\/1000005775-scaled.jpg\",\"width\":1916,\"height\":2560},{\"@type\":\"BreadcrumbList\",\"@id\":\"https:\/\/www.educateur-canin-nf.fr\/index.php\/a-propos\/#breadcrumb\",\"itemListElement\":[{\"@type\":\"ListItem\",\"position\":1,\"name\":\"Accueil\",\"item\":\"https:\/\/www.educateur-canin-nf.fr\/\"},{\"@type\":\"ListItem\",\"position\":2,\"name\":\"A propos\"}]},{\"@type\":\"WebSite\",\"@id\":\"https:\/\/www.educateur-canin-nf.fr\/#website\",\"url\":\"https:\/\/www.educateur-canin-nf.fr\/\",\"name\":\"Nicolas Falabella\",\"description\":\"\u00c9ducateur et comportementaliste canin\",\"publisher\":{\"@id\":\"https:\/\/www.educateur-canin-nf.fr\/#organization\"},\"potentialAction\":[{\"@type\":\"SearchAction\",\"target\":{\"@type\":\"EntryPoint\",\"urlTemplate\":\"https:\/\/www.educateur-canin-nf.fr\/?s={search_term_string}\"},\"query-input\":{\"@type\":\"PropertyValueSpecification\",\"valueRequired\":true,\"valueName\":\"search_term_string\"}}],\"inLanguage\":\"fr-FR\"},{\"@type\":\"Organization\",\"@id\":\"https:\/\/www.educateur-canin-nf.fr\/#organization\",\"name\":\"Nicolas Falabella\",\"url\":\"https:\/\/www.educateur-canin-nf.fr\/\",\"logo\":{\"@type\":\"ImageObject\",\"inLanguage\":\"fr-FR\",\"@id\":\"https:\/\/www.educateur-canin-nf.fr\/#\/schema\/logo\/image\/\",\"url\":\"https:\/\/www.educateur-canin-nf.fr\/wp-content\/uploads\/2024\/08\/cropped-Logo-Nicolas-Falabella.png\",\"contentUrl\":\"https:\/\/www.educateur-canin-nf.fr\/wp-content\/uploads\/2024\/08\/cropped-Logo-Nicolas-Falabella.png\",\"width\":757,\"height\":250,\"caption\":\"Nicolas Falabella\"},\"image\":{\"@id\":\"https:\/\/www.educateur-canin-nf.fr\/#\/schema\/logo\/image\/\"}}]}<\/script>\n<!-- \/ Yoast SEO plugin. -->","yoast_head_json":{"title":"A propos - Nicolas Falabella","description":"Nicolas Falabella est un \u00e9ducateur canin passionn\u00e9 et dipl\u00f4m\u00e9, ayant suivi une formation compl\u00e8te en comportementalisme. Il adopte une approche personnalis\u00e9e pour chaque chien et ma\u00eetre, sans s'attacher \u00e0 une m\u00e9thode sp\u00e9cifique. Il vise \u00e0 rendre les ma\u00eetres autonomes rapidement, en respectant le bien-\u00eatre du chien et en utilisant des outils adapt\u00e9s.","robots":{"index":"index","follow":"follow","max-snippet":"max-snippet:-1","max-image-preview":"max-image-preview:large","max-video-preview":"max-video-preview:-1"},"canonical":"https:\/\/www.educateur-canin-nf.fr\/index.php\/a-propos\/","og_locale":"fr_FR","og_type":"article","og_title":"A propos - Nicolas Falabella","og_description":"Nicolas Falabella est un \u00e9ducateur canin passionn\u00e9 et dipl\u00f4m\u00e9, ayant suivi une formation compl\u00e8te en comportementalisme. Il adopte une approche personnalis\u00e9e pour chaque chien et ma\u00eetre, sans s'attacher \u00e0 une m\u00e9thode sp\u00e9cifique. Il vise \u00e0 rendre les ma\u00eetres autonomes rapidement, en respectant le bien-\u00eatre du chien et en utilisant des outils adapt\u00e9s.","og_url":"https:\/\/www.educateur-canin-nf.fr\/index.php\/a-propos\/","og_site_name":"Nicolas Falabella","article_modified_time":"2025-05-02T16:10:24+00:00","og_image":[{"width":1916,"height":2560,"url":"https:\/\/www.educateur-canin-nf.fr\/wp-content\/uploads\/2024\/09\/1000005775-scaled.jpg","type":"image\/jpeg"}],"twitter_card":"summary_large_image","twitter_misc":{"Dur\u00e9e de lecture estim\u00e9e":"2 minutes"},"schema":{"@context":"https:\/\/schema.org","@graph":[{"@type":"WebPage","@id":"https:\/\/www.educateur-canin-nf.fr\/index.php\/a-propos\/","url":"https:\/\/www.educateur-canin-nf.fr\/index.php\/a-propos\/","name":"A propos - Nicolas Falabella","isPartOf":{"@id":"https:\/\/www.educateur-canin-nf.fr\/#website"},"primaryImageOfPage":{"@id":"https:\/\/www.educateur-canin-nf.fr\/index.php\/a-propos\/#primaryimage"},"image":{"@id":"https:\/\/www.educateur-canin-nf.fr\/index.php\/a-propos\/#primaryimage"},"thumbnailUrl":"https:\/\/www.educateur-canin-nf.fr\/wp-content\/uploads\/2024\/09\/1000005775-766x1024.jpg","datePublished":"2024-09-11T09:46:15+00:00","dateModified":"2025-05-02T16:10:24+00:00","description":"Nicolas Falabella est un \u00e9ducateur canin passionn\u00e9 et dipl\u00f4m\u00e9, ayant suivi une formation compl\u00e8te en comportementalisme. Il adopte une approche personnalis\u00e9e pour chaque chien et ma\u00eetre, sans s'attacher \u00e0 une m\u00e9thode sp\u00e9cifique. Il vise \u00e0 rendre les ma\u00eetres autonomes rapidement, en respectant le bien-\u00eatre du chien et en utilisant des outils adapt\u00e9s.","breadcrumb":{"@id":"https:\/\/www.educateur-canin-nf.fr\/index.php\/a-propos\/#breadcrumb"},"inLanguage":"fr-FR","potentialAction":[{"@type":"ReadAction","target":["https:\/\/www.educateur-canin-nf.fr\/index.php\/a-propos\/"]}]},{"@type":"ImageObject","inLanguage":"fr-FR","@id":"https:\/\/www.educateur-canin-nf.fr\/index.php\/a-propos\/#primaryimage","url":"https:\/\/www.educateur-canin-nf.fr\/wp-content\/uploads\/2024\/09\/1000005775-scaled.jpg","contentUrl":"https:\/\/www.educateur-canin-nf.fr\/wp-content\/uploads\/2024\/09\/1000005775-scaled.jpg","width":1916,"height":2560},{"@type":"BreadcrumbList","@id":"https:\/\/www.educateur-canin-nf.fr\/index.php\/a-propos\/#breadcrumb","itemListElement":[{"@type":"ListItem","position":1,"name":"Accueil","item":"https:\/\/www.educateur-canin-nf.fr\/"},{"@type":"ListItem","position":2,"name":"A propos"}]},{"@type":"WebSite","@id":"https:\/\/www.educateur-canin-nf.fr\/#website","url":"https:\/\/www.educateur-canin-nf.fr\/","name":"Nicolas Falabella","description":"\u00c9ducateur et comportementaliste canin","publisher":{"@id":"https:\/\/www.educateur-canin-nf.fr\/#organization"},"potentialAction":[{"@type":"SearchAction","target":{"@type":"EntryPoint","urlTemplate":"https:\/\/www.educateur-canin-nf.fr\/?s={search_term_string}"},"query-input":{"@type":"PropertyValueSpecification","valueRequired":true,"valueName":"search_term_string"}}],"inLanguage":"fr-FR"},{"@type":"Organization","@id":"https:\/\/www.educateur-canin-nf.fr\/#organization","name":"Nicolas Falabella","url":"https:\/\/www.educateur-canin-nf.fr\/","logo":{"@type":"ImageObject","inLanguage":"fr-FR","@id":"https:\/\/www.educateur-canin-nf.fr\/#\/schema\/logo\/image\/","url":"https:\/\/www.educateur-canin-nf.fr\/wp-content\/uploads\/2024\/08\/cropped-Logo-Nicolas-Falabella.png","contentUrl":"https:\/\/www.educateur-canin-nf.fr\/wp-content\/uploads\/2024\/08\/cropped-Logo-Nicolas-Falabella.png","width":757,"height":250,"caption":"Nicolas Falabella"},"image":{"@id":"https:\/\/www.educateur-canin-nf.fr\/#\/schema\/logo\/image\/"}}]}},"_links":{"self":[{"href":"https:\/\/www.educateur-canin-nf.fr\/index.php\/wp-json\/wp\/v2\/pages\/218","targetHints":{"allow":["GET"]}}],"collection":[{"href":"https:\/\/www.educateur-canin-nf.fr\/index.php\/wp-json\/wp\/v2\/pages"}],"about":[{"href":"https:\/\/www.educateur-canin-nf.fr\/index.php\/wp-json\/wp\/v2\/types\/page"}],"author":[{"embeddable":true,"href":"https:\/\/www.educateur-canin-nf.fr\/index.php\/wp-json\/wp\/v2\/users\/1"}],"replies":[{"embeddable":true,"href":"https:\/\/www.educateur-canin-nf.fr\/index.php\/wp-json\/wp\/v2\/comments?post=218"}],"version-history":[{"count":14,"href":"https:\/\/www.educateur-canin-nf.fr\/index.php\/wp-json\/wp\/v2\/pages\/218\/revisions"}],"predecessor-version":[{"id":295,"href":"https:\/\/www.educateur-canin-nf.fr\/index.php\/wp-json\/wp\/v2\/pages\/218\/revisions\/295"}],"wp:attachment":[{"href":"https:\/\/www.educateur-canin-nf.fr\/index.php\/wp-json\/wp\/v2\/media?parent=218"}],"curies":[{"name":"wp","href":"https:\/\/api.w.org\/{rel}","templated":true}]}}